{"id":84,"date":"2024-05-26T23:54:40","date_gmt":"2024-05-26T23:54:40","guid":{"rendered":"https:\/\/obex.cc\/?page_id=84"},"modified":"2024-11-21T02:12:33","modified_gmt":"2024-11-21T02:12:33","slug":"certificaciones","status":"publish","type":"page","link":"https:\/\/obex.cc\/index.php\/certificaciones\/","title":{"rendered":"Certificaciones"},"content":{"rendered":"\n<p><strong><strong>Las certificaciones en ciberseguridad son credenciales profesionales que validan el conocimiento y las habilidades de los expertos en esta disciplina. Son esenciales para garantizar que el personal posea la competencia t\u00e9cnica necesaria para proteger los sistemas y la informaci\u00f3n contra amenazas cibern\u00e9ticas. <\/strong><\/strong><br><br><strong><strong>En OBEX Cybersecurity, entendemos la importancia de estas certificaciones, ya que demuestran nuestro compromiso con la excelencia y la seguridad. No solo fortalecen la confianza de nuestros clientes en nuestra capacidad para salvaguardar sus activos, sino que tambi\u00e9n mantienen a nuestro equipo actualizado con las \u00faltimas t\u00e9cnicas y normativas en el campo. <\/strong><\/strong><br><br><strong><strong>Las certificaciones obtenidas por nuestro equipo, tales como CCISO, EISM, CEH, CIPP\/E y CC, son un testimonio de nuestro compromiso con la profesionalidad y la excelencia en ciberseguridad.<\/strong><\/strong><\/p>\n\n\n\n<div class=\"wp-block-group is-content-justification-center is-nowrap is-layout-flex wp-container-core-group-is-layout-23441af8 wp-block-group-is-layout-flex\">\n<figure class=\"wp-block-image size-medium\"><img loading=\"lazy\" decoding=\"async\" width=\"300\" height=\"173\" src=\"https:\/\/obex.cc\/wp-content\/uploads\/2024\/05\/CISO-Logo-300x173.jpg\" alt=\"\" class=\"wp-image-85\" srcset=\"https:\/\/obex.cc\/wp-content\/uploads\/2024\/05\/CISO-Logo-300x173.jpg 300w, https:\/\/obex.cc\/wp-content\/uploads\/2024\/05\/CISO-Logo-768x442.jpg 768w, https:\/\/obex.cc\/wp-content\/uploads\/2024\/05\/CISO-Logo.jpg 812w\" sizes=\"auto, (max-width: 300px) 100vw, 300px\" \/><\/figure>\n\n\n\n<figure class=\"wp-block-image size-medium\"><img loading=\"lazy\" decoding=\"async\" width=\"300\" height=\"174\" src=\"https:\/\/obex.cc\/wp-content\/uploads\/2024\/05\/eism-300x174.jpg\" alt=\"\" class=\"wp-image-86\" style=\"object-fit:cover\" srcset=\"https:\/\/obex.cc\/wp-content\/uploads\/2024\/05\/eism-300x174.jpg 300w, https:\/\/obex.cc\/wp-content\/uploads\/2024\/05\/eism.jpg 746w\" sizes=\"auto, (max-width: 300px) 100vw, 300px\" \/><\/figure>\n<\/div>\n\n\n\n<div class=\"wp-block-group is-content-justification-center is-nowrap is-layout-flex wp-container-core-group-is-layout-23441af8 wp-block-group-is-layout-flex\">\n<figure class=\"wp-block-image size-medium\"><img loading=\"lazy\" decoding=\"async\" width=\"300\" height=\"224\" src=\"https:\/\/obex.cc\/wp-content\/uploads\/2024\/05\/CEH-logo-1-300x224.jpg\" alt=\"\" class=\"wp-image-87\" srcset=\"https:\/\/obex.cc\/wp-content\/uploads\/2024\/05\/CEH-logo-1-300x224.jpg 300w, https:\/\/obex.cc\/wp-content\/uploads\/2024\/05\/CEH-logo-1.jpg 364w\" sizes=\"auto, (max-width: 300px) 100vw, 300px\" \/><\/figure>\n\n\n\n<figure class=\"wp-block-image size-full\"><img loading=\"lazy\" decoding=\"async\" width=\"288\" height=\"288\" src=\"https:\/\/obex.cc\/wp-content\/uploads\/2024\/05\/CIPP-E_Seal_2013-web.png\" alt=\"\" class=\"wp-image-88\" style=\"object-fit:cover\" srcset=\"https:\/\/obex.cc\/wp-content\/uploads\/2024\/05\/CIPP-E_Seal_2013-web.png 288w, https:\/\/obex.cc\/wp-content\/uploads\/2024\/05\/CIPP-E_Seal_2013-web-150x150.png 150w\" sizes=\"auto, (max-width: 288px) 100vw, 288px\" \/><\/figure>\n<\/div>\n\n\n\n<div class=\"wp-block-group is-content-justification-center is-nowrap is-layout-flex wp-container-core-group-is-layout-23441af8 wp-block-group-is-layout-flex\">\n<figure class=\"wp-block-image size-full\"><img loading=\"lazy\" decoding=\"async\" width=\"295\" height=\"227\" src=\"https:\/\/obex.cc\/wp-content\/uploads\/2024\/05\/6a00e54f109b67883402b751952b0b200c-320wi.png\" alt=\"\" class=\"wp-image-89\"\/><\/figure>\n\n\n\n<figure class=\"wp-block-image size-medium\"><img loading=\"lazy\" decoding=\"async\" width=\"300\" height=\"300\" src=\"https:\/\/obex.cc\/wp-content\/uploads\/2024\/05\/security-compliance-and-identity-fundamentals-600x600-1-300x300.png\" alt=\"\" class=\"wp-image-90\" style=\"object-fit:cover\" srcset=\"https:\/\/obex.cc\/wp-content\/uploads\/2024\/05\/security-compliance-and-identity-fundamentals-600x600-1-300x300.png 300w, https:\/\/obex.cc\/wp-content\/uploads\/2024\/05\/security-compliance-and-identity-fundamentals-600x600-1-150x150.png 150w, https:\/\/obex.cc\/wp-content\/uploads\/2024\/05\/security-compliance-and-identity-fundamentals-600x600-1.png 600w\" sizes=\"auto, (max-width: 300px) 100vw, 300px\" \/><\/figure>\n<\/div>\n","protected":false},"excerpt":{"rendered":"<p>Las certificaciones en ciberseguridad son credenciales profesionales que validan el conocimiento y las habilidades de los expertos en esta disciplina. Son esenciales para garantizar que el personal posea la competencia t\u00e9cnica necesaria para proteger los sistemas y la informaci\u00f3n contra amenazas cibern\u00e9ticas. En OBEX Cybersecurity, entendemos la importancia de estas certificaciones, ya que demuestran nuestro [&hellip;]<\/p>\n","protected":false},"author":1,"featured_media":0,"parent":0,"menu_order":0,"comment_status":"closed","ping_status":"closed","template":"","meta":{"footnotes":""},"class_list":["post-84","page","type-page","status-publish","hentry"],"_links":{"self":[{"href":"https:\/\/obex.cc\/index.php\/wp-json\/wp\/v2\/pages\/84","targetHints":{"allow":["GET"]}}],"collection":[{"href":"https:\/\/obex.cc\/index.php\/wp-json\/wp\/v2\/pages"}],"about":[{"href":"https:\/\/obex.cc\/index.php\/wp-json\/wp\/v2\/types\/page"}],"author":[{"embeddable":true,"href":"https:\/\/obex.cc\/index.php\/wp-json\/wp\/v2\/users\/1"}],"replies":[{"embeddable":true,"href":"https:\/\/obex.cc\/index.php\/wp-json\/wp\/v2\/comments?post=84"}],"version-history":[{"count":11,"href":"https:\/\/obex.cc\/index.php\/wp-json\/wp\/v2\/pages\/84\/revisions"}],"predecessor-version":[{"id":125,"href":"https:\/\/obex.cc\/index.php\/wp-json\/wp\/v2\/pages\/84\/revisions\/125"}],"wp:attachment":[{"href":"https:\/\/obex.cc\/index.php\/wp-json\/wp\/v2\/media?parent=84"}],"curies":[{"name":"wp","href":"https:\/\/api.w.org\/{rel}","templated":true}]}}